    {"id":82,"date":"2022-05-24T15:09:49","date_gmt":"2022-05-24T14:09:49","guid":{"rendered":"https:\/\/www.zenitude.lu\/?page_id=82"},"modified":"2022-10-06T11:38:40","modified_gmt":"2022-10-06T09:38:40","slug":"accompagnement","status":"publish","type":"page","link":"https:\/\/www.zenitude.lu\/en\/accompagnement\/","title":{"rendered":"Services"},"content":{"rendered":"<div class=\"wp-block-cover alignfull has-custom-content-position is-position-bottom-center\" style=\"min-height:300px;aspect-ratio:unset;\"><span aria-hidden=\"true\" class=\"wp-block-cover__background has-background-dim-0 has-background-dim\"><\/span><img loading=\"lazy\" decoding=\"async\" width=\"999\" height=\"666\" class=\"wp-block-cover__image-background wp-image-511\" alt=\"\" src=\"https:\/\/www.zenitude.lu\/wp-content\/uploads\/2022\/06\/lumiere.jpg\" style=\"object-position:50% 45%\" data-object-fit=\"cover\" data-object-position=\"50% 45%\" srcset=\"https:\/\/www.zenitude.lu\/wp-content\/uploads\/2022\/06\/lumiere.jpg 999w, https:\/\/www.zenitude.lu\/wp-content\/uploads\/2022\/06\/lumiere-300x200.jpg 300w, https:\/\/www.zenitude.lu\/wp-content\/uploads\/2022\/06\/lumiere-768x512.jpg 768w, https:\/\/www.zenitude.lu\/wp-content\/uploads\/2022\/06\/lumiere-18x12.jpg 18w\" sizes=\"auto, (max-width: 999px) 100vw, 999px\" \/><div class=\"wp-block-cover__inner-container is-layout-flow wp-block-cover-is-layout-flow\">\n<div class=\"wp-block-group has-background is-layout-flow wp-block-group-is-layout-flow\" style=\"background-color:#87878780;border-radius:10px;padding-top:20px;padding-right:20px;padding-bottom:20px;padding-left:20px\">\n<h4 class=\"has-text-align-center has-background-color has-text-color has-large-font-size wp-block-heading\" style=\"font-style:normal;font-weight:400;text-transform:uppercase\">Services<\/h4>\n<\/div>\n<\/div><\/div>\n\n\n\n<div class=\"wp-block-group alignwide is-layout-flow wp-block-group-is-layout-flow\">\n<p class=\"has-text-align-center\"><strong>Too much stress? Too many thoughts in mind? Too many ideas to sort out to get better?<\/strong><\/p>\n\n\n\n<p class=\"has-text-align-center\"><strong>What about a break with a personalized global support?<\/strong><\/p>\n\n\n\n<p class=\"has-text-align-center\">I propose you a complete and comprehensive listening (physical, mind, emotions), for personalized advice and care, with partners on different techniques.<\/p>\n<\/div>\n\n\n\n<div class=\"wp-block-group is-layout-flow wp-block-group-is-layout-flow\">\n<div class=\"wp-block-columns is-layout-flex wp-container-core-columns-is-layout-1 wp-block-columns-is-layout-flex\" style=\"margin-top:50px\">\n<div class=\"wp-block-column has-background-color has-luminous-vivid-amber-background-color has-text-color has-background is-layout-flow wp-block-column-is-layout-flow\">\n<figure class=\"wp-block-image size-full\"><a href=\"https:\/\/www.zenitude.lu\/en\/gestion-du-stress\/\"><img loading=\"lazy\" decoding=\"async\" width=\"1000\" height=\"1000\" src=\"https:\/\/www.zenitude.lu\/wp-content\/uploads\/2022\/06\/zen-carre.jpg\" alt=\"\" class=\"wp-image-240\" srcset=\"https:\/\/www.zenitude.lu\/wp-content\/uploads\/2022\/06\/zen-carre.jpg 1000w, https:\/\/www.zenitude.lu\/wp-content\/uploads\/2022\/06\/zen-carre-300x300.jpg 300w, https:\/\/www.zenitude.lu\/wp-content\/uploads\/2022\/06\/zen-carre-150x150.jpg 150w, https:\/\/www.zenitude.lu\/wp-content\/uploads\/2022\/06\/zen-carre-768x768.jpg 768w, https:\/\/www.zenitude.lu\/wp-content\/uploads\/2022\/06\/zen-carre-12x12.jpg 12w\" sizes=\"auto, (max-width: 1000px) 100vw, 1000px\" \/><\/a><\/figure>\n\n\n\n<h3 class=\"has-text-align-center has-large-font-size wp-block-heading\" style=\"margin-top:10px;margin-right:0px;margin-bottom:10px;margin-left:0px\"><a href=\"https:\/\/www.zenitude.lu\/en\/gestion-du-stress\/\" data-type=\"page\" data-id=\"682\"><mark style=\"background-color:rgba(0, 0, 0, 0);color:#ffffff\" class=\"has-inline-color\">Stress management<\/mark><\/a><\/h3>\n<\/div>\n\n\n\n<div class=\"wp-block-column has-luminous-vivid-amber-background-color has-background is-layout-flow wp-block-column-is-layout-flow\">\n<figure class=\"wp-block-image size-full\"><a href=\"https:\/\/www.zenitude.lu\/en\/top-energie\/\"><img loading=\"lazy\" decoding=\"async\" width=\"1000\" height=\"1000\" src=\"https:\/\/www.zenitude.lu\/wp-content\/uploads\/2022\/06\/energie-carre-clair.jpg\" alt=\"\" class=\"wp-image-554\" srcset=\"https:\/\/www.zenitude.lu\/wp-content\/uploads\/2022\/06\/energie-carre-clair.jpg 1000w, https:\/\/www.zenitude.lu\/wp-content\/uploads\/2022\/06\/energie-carre-clair-300x300.jpg 300w, https:\/\/www.zenitude.lu\/wp-content\/uploads\/2022\/06\/energie-carre-clair-150x150.jpg 150w, https:\/\/www.zenitude.lu\/wp-content\/uploads\/2022\/06\/energie-carre-clair-768x768.jpg 768w, https:\/\/www.zenitude.lu\/wp-content\/uploads\/2022\/06\/energie-carre-clair-12x12.jpg 12w\" sizes=\"auto, (max-width: 1000px) 100vw, 1000px\" \/><\/a><\/figure>\n\n\n\n<h3 class=\"has-text-align-center has-background-color has-text-color has-large-font-size wp-block-heading\" style=\"margin-top:10px;margin-right:0px;margin-bottom:10px;margin-left:0px\"><a href=\"https:\/\/www.zenitude.lu\/en\/top-energie\/\" data-type=\"page\" data-id=\"684\"><mark style=\"background-color:rgba(0, 0, 0, 0);color:#ffffff\" class=\"has-inline-color\">Top energy<\/mark><\/a><\/h3>\n<\/div>\n<\/div>\n<\/div>\n\n\n\n<div class=\"wp-block-group is-layout-flow wp-block-group-is-layout-flow\">\n<div class=\"wp-block-columns is-layout-flex wp-container-core-columns-is-layout-2 wp-block-columns-is-layout-flex\" style=\"margin-top:50px\">\n<div class=\"wp-block-column has-luminous-vivid-amber-background-color has-background is-layout-flow wp-block-column-is-layout-flow\">\n<figure class=\"wp-block-image size-full\"><a href=\"https:\/\/www.zenitude.lu\/en\/massages-2\/\"><img loading=\"lazy\" decoding=\"async\" width=\"1000\" height=\"1000\" src=\"https:\/\/www.zenitude.lu\/wp-content\/uploads\/2022\/06\/massage-carre.jpg\" alt=\"\" class=\"wp-image-236\" srcset=\"https:\/\/www.zenitude.lu\/wp-content\/uploads\/2022\/06\/massage-carre.jpg 1000w, https:\/\/www.zenitude.lu\/wp-content\/uploads\/2022\/06\/massage-carre-300x300.jpg 300w, https:\/\/www.zenitude.lu\/wp-content\/uploads\/2022\/06\/massage-carre-150x150.jpg 150w, https:\/\/www.zenitude.lu\/wp-content\/uploads\/2022\/06\/massage-carre-768x768.jpg 768w, https:\/\/www.zenitude.lu\/wp-content\/uploads\/2022\/06\/massage-carre-12x12.jpg 12w\" sizes=\"auto, (max-width: 1000px) 100vw, 1000px\" \/><\/a><\/figure>\n\n\n\n<h3 class=\"has-text-align-center has-background-color has-text-color has-large-font-size wp-block-heading\" style=\"margin-top:10px;margin-right:0px;margin-bottom:10px;margin-left:0px\"><a href=\"https:\/\/www.zenitude.lu\/en\/massages-2\/\" data-type=\"page\" data-id=\"686\"><mark style=\"background-color:rgba(0, 0, 0, 0);color:#ffffff\" class=\"has-inline-color\">Massages<\/mark><\/a><\/h3>\n<\/div>\n\n\n\n<div class=\"wp-block-column has-luminous-vivid-amber-background-color has-background is-layout-flow wp-block-column-is-layout-flow\">\n<figure class=\"wp-block-image size-full\"><a href=\"https:\/\/www.zenitude.lu\/en\/nutrition\/\"><img loading=\"lazy\" decoding=\"async\" width=\"1000\" height=\"1000\" src=\"https:\/\/www.zenitude.lu\/wp-content\/uploads\/2022\/06\/nutrition-carre.jpg\" alt=\"\" class=\"wp-image-238\" srcset=\"https:\/\/www.zenitude.lu\/wp-content\/uploads\/2022\/06\/nutrition-carre.jpg 1000w, https:\/\/www.zenitude.lu\/wp-content\/uploads\/2022\/06\/nutrition-carre-300x300.jpg 300w, https:\/\/www.zenitude.lu\/wp-content\/uploads\/2022\/06\/nutrition-carre-150x150.jpg 150w, https:\/\/www.zenitude.lu\/wp-content\/uploads\/2022\/06\/nutrition-carre-768x768.jpg 768w, https:\/\/www.zenitude.lu\/wp-content\/uploads\/2022\/06\/nutrition-carre-12x12.jpg 12w\" sizes=\"auto, (max-width: 1000px) 100vw, 1000px\" \/><\/a><\/figure>\n\n\n\n<h3 class=\"has-text-align-center has-background-color has-text-color has-large-font-size wp-block-heading\" style=\"margin-top:10px;margin-right:0px;margin-bottom:10px;margin-left:0px\"><a href=\"https:\/\/www.zenitude.lu\/en\/nutrition\/\" data-type=\"page\" data-id=\"688\"><mark style=\"background-color:rgba(0, 0, 0, 0);color:#ffffff\" class=\"has-inline-color\">Nutrition<\/mark><\/a><\/h3>\n<\/div>\n<\/div>\n<\/div>\n\n\n\n<div class=\"wp-block-columns is-layout-flex wp-container-core-columns-is-layout-3 wp-block-columns-is-layout-flex\">\n<div class=\"wp-block-column is-layout-flow wp-block-column-is-layout-flow\"><\/div>\n\n\n\n<div class=\"wp-block-column is-layout-flow wp-block-column-is-layout-flow\"><\/div>\n<\/div>\n\n\n\n<p><\/p>","protected":false},"excerpt":{"rendered":"<p>Trop de stress&nbsp;? Trop de pens\u00e9es en t\u00eate&nbsp;? Trop d\u2019id\u00e9es \u00e0 trier pour aller mieux&nbsp;? Que diriez-vous d\u2019un moment de pause en accompagnement global personnalis\u00e9 ? Je vous propose une \u00e9coute compl\u00e8te et globale (physique, esprit, \u00e9motions), pour des conseils et soins adapt\u00e9s personnalis\u00e9s, avec des partenaires sur diff\u00e9rentes techniques. Gestion du stress Top \u00e9nergie [&hellip;]<\/p>\n","protected":false},"author":1,"featured_media":0,"parent":0,"menu_order":0,"comment_status":"closed","ping_status":"closed","template":"","meta":{"footnotes":""},"class_list":["post-82","page","type-page","status-publish","hentry"],"_links":{"self":[{"href":"https:\/\/www.zenitude.lu\/en\/wp-json\/wp\/v2\/pages\/82","targetHints":{"allow":["GET"]}}],"collection":[{"href":"https:\/\/www.zenitude.lu\/en\/wp-json\/wp\/v2\/pages"}],"about":[{"href":"https:\/\/www.zenitude.lu\/en\/wp-json\/wp\/v2\/types\/page"}],"author":[{"embeddable":true,"href":"https:\/\/www.zenitude.lu\/en\/wp-json\/wp\/v2\/users\/1"}],"replies":[{"embeddable":true,"href":"https:\/\/www.zenitude.lu\/en\/wp-json\/wp\/v2\/comments?post=82"}],"version-history":[{"count":37,"href":"https:\/\/www.zenitude.lu\/en\/wp-json\/wp\/v2\/pages\/82\/revisions"}],"predecessor-version":[{"id":727,"href":"https:\/\/www.zenitude.lu\/en\/wp-json\/wp\/v2\/pages\/82\/revisions\/727"}],"wp:attachment":[{"href":"https:\/\/www.zenitude.lu\/en\/wp-json\/wp\/v2\/media?parent=82"}],"curies":[{"name":"wp","href":"https:\/\/api.w.org\/{rel}","templated":true}]}}