    {"id":686,"date":"2022-10-04T16:25:15","date_gmt":"2022-10-04T14:25:15","guid":{"rendered":"https:\/\/www.zenitude.lu\/?page_id=686"},"modified":"2023-09-13T11:56:06","modified_gmt":"2023-09-13T09:56:06","slug":"massages-2","status":"publish","type":"page","link":"https:\/\/www.zenitude.lu\/en\/massages-2\/","title":{"rendered":"Massages"},"content":{"rendered":"<div class=\"wp-block-cover alignfull has-custom-content-position is-position-bottom-center\" style=\"min-height:300px;aspect-ratio:unset;\"><span aria-hidden=\"true\" class=\"wp-block-cover__background has-background-dim-0 has-background-dim\"><\/span><img loading=\"lazy\" decoding=\"async\" width=\"1000\" height=\"1000\" class=\"wp-block-cover__image-background wp-image-236\" alt=\"\" src=\"https:\/\/www.zenitude.lu\/wp-content\/uploads\/2022\/06\/massage-carre.jpg\" style=\"object-position:47% 48%\" data-object-fit=\"cover\" data-object-position=\"47% 48%\" srcset=\"https:\/\/www.zenitude.lu\/wp-content\/uploads\/2022\/06\/massage-carre.jpg 1000w, https:\/\/www.zenitude.lu\/wp-content\/uploads\/2022\/06\/massage-carre-300x300.jpg 300w, https:\/\/www.zenitude.lu\/wp-content\/uploads\/2022\/06\/massage-carre-150x150.jpg 150w, https:\/\/www.zenitude.lu\/wp-content\/uploads\/2022\/06\/massage-carre-768x768.jpg 768w, https:\/\/www.zenitude.lu\/wp-content\/uploads\/2022\/06\/massage-carre-12x12.jpg 12w\" sizes=\"auto, (max-width: 1000px) 100vw, 1000px\" \/><div class=\"wp-block-cover__inner-container is-layout-flow wp-block-cover-is-layout-flow\">\n<div class=\"wp-block-group has-background is-layout-flow wp-block-group-is-layout-flow\" style=\"background-color:#8787877d;border-radius:10px;text-transform:uppercase;padding-top:20px;padding-right:20px;padding-bottom:20px;padding-left:20px\">\n<h4 class=\"has-background-color has-text-color has-large-font-size wp-block-heading\" style=\"text-transform:uppercase\"><strong>Massages<\/strong><\/h4>\n<\/div>\n<\/div><\/div>\n\n\n\n<p><\/p>\n\n\n\n<p><strong>Relaxing massages and return to self with patience and respect\u00a0<\/strong> to return to your feeling, combine the relaxation of the muscles and the head and release of overactive minds:<\/p>\n\n\n\n<ul class=\"wp-block-list\"><li><strong>Sensory massage<\/strong> with organic vegetable and essential oils (back or body)<\/li><li><strong>Seated massage<\/strong> for rapid relaxation (head and shoulders) <\/li><li><strong>Massage from the 5 continents<\/strong> (combining several techniques from around the world, aromatherapy and an energetic approach) for a relaxing and revitalizing overall effect<\/li><\/ul>\n\n\n\n<p><strong>Prices <\/strong>: seated or sensory back massages (50 eur for 30 min), complete sensory massage (75 eur for 1 hour), massage of the 5 continents (100 eur for 1h30)<\/p>","protected":false},"excerpt":{"rendered":"<p>Massages de d\u00e9tente et retour \u00e0 soi avec patience et respect\u00a0 pour revenir \u00e0 son ressenti, combiner la d\u00e9tente des muscles et de la t\u00eate et l\u00e2cher son mental trop actif\u00a0: Massage sensoriel aux huiles bio v\u00e9g\u00e9tales et essentielles (dos ou corps) Massage assis pour d\u00e9tente rapide\u00a0(t\u00eate et \u00e9paules) Massage des 5 continents (combinant plusieurs [&hellip;]<\/p>\n","protected":false},"author":1,"featured_media":0,"parent":0,"menu_order":0,"comment_status":"closed","ping_status":"closed","template":"","meta":{"footnotes":""},"class_list":["post-686","page","type-page","status-publish","hentry"],"_links":{"self":[{"href":"https:\/\/www.zenitude.lu\/en\/wp-json\/wp\/v2\/pages\/686","targetHints":{"allow":["GET"]}}],"collection":[{"href":"https:\/\/www.zenitude.lu\/en\/wp-json\/wp\/v2\/pages"}],"about":[{"href":"https:\/\/www.zenitude.lu\/en\/wp-json\/wp\/v2\/types\/page"}],"author":[{"embeddable":true,"href":"https:\/\/www.zenitude.lu\/en\/wp-json\/wp\/v2\/users\/1"}],"replies":[{"embeddable":true,"href":"https:\/\/www.zenitude.lu\/en\/wp-json\/wp\/v2\/comments?post=686"}],"version-history":[{"count":4,"href":"https:\/\/www.zenitude.lu\/en\/wp-json\/wp\/v2\/pages\/686\/revisions"}],"predecessor-version":[{"id":799,"href":"https:\/\/www.zenitude.lu\/en\/wp-json\/wp\/v2\/pages\/686\/revisions\/799"}],"wp:attachment":[{"href":"https:\/\/www.zenitude.lu\/en\/wp-json\/wp\/v2\/media?parent=686"}],"curies":[{"name":"wp","href":"https:\/\/api.w.org\/{rel}","templated":true}]}}