    {"id":684,"date":"2022-10-04T16:22:18","date_gmt":"2022-10-04T14:22:18","guid":{"rendered":"https:\/\/www.zenitude.lu\/?page_id=684"},"modified":"2023-09-13T11:30:58","modified_gmt":"2023-09-13T09:30:58","slug":"top-energie","status":"publish","type":"page","link":"https:\/\/www.zenitude.lu\/en\/top-energie\/","title":{"rendered":"Top energy"},"content":{"rendered":"<div class=\"wp-block-cover alignfull is-light has-custom-content-position is-position-bottom-center\" style=\"min-height:300px;aspect-ratio:unset;\"><span aria-hidden=\"true\" class=\"wp-block-cover__background has-background-dim-0 has-background-dim\"><\/span><img loading=\"lazy\" decoding=\"async\" width=\"1000\" height=\"1000\" class=\"wp-block-cover__image-background wp-image-554\" alt=\"\" src=\"https:\/\/www.zenitude.lu\/wp-content\/uploads\/2022\/06\/energie-carre-clair.jpg\" style=\"object-position:56% 55%\" data-object-fit=\"cover\" data-object-position=\"56% 55%\" srcset=\"https:\/\/www.zenitude.lu\/wp-content\/uploads\/2022\/06\/energie-carre-clair.jpg 1000w, https:\/\/www.zenitude.lu\/wp-content\/uploads\/2022\/06\/energie-carre-clair-300x300.jpg 300w, https:\/\/www.zenitude.lu\/wp-content\/uploads\/2022\/06\/energie-carre-clair-150x150.jpg 150w, https:\/\/www.zenitude.lu\/wp-content\/uploads\/2022\/06\/energie-carre-clair-768x768.jpg 768w, https:\/\/www.zenitude.lu\/wp-content\/uploads\/2022\/06\/energie-carre-clair-12x12.jpg 12w\" sizes=\"auto, (max-width: 1000px) 100vw, 1000px\" \/><div class=\"wp-block-cover__inner-container is-layout-flow wp-block-cover-is-layout-flow\">\n<div class=\"wp-block-group has-background is-layout-flow wp-block-group-is-layout-flow\" style=\"background-color:#8787877d;border-radius:10px;text-transform:uppercase;padding-top:20px;padding-right:20px;padding-bottom:20px;padding-left:20px\">\n<h4 class=\"has-background-color has-text-color has-large-font-size wp-block-heading\" style=\"text-transform:uppercase\"><strong>Top energy<\/strong><\/h4>\n<\/div>\n<\/div><\/div>\n\n\n\n<p><\/p>\n\n\n\n<p><strong>Comprehensive approach to energy and health<\/strong><\/p>\n\n\n\n<p class=\"has-text-align-left\"><strong>Complementary techniques<\/strong>\u00a0(body-heart-head): Bach flowers, gemmotherapy, essential oils, nutrition, massages, nature connection, collaboration with specialized partners (sophrology, Chinese medicine)<\/p>\n\n\n\n<p><strong>Price<\/strong> : 60 eur for one hour of consultation in Bach flowers, nutrition or stress management<\/p>\n\n\n\n<p><\/p>","protected":false},"excerpt":{"rendered":"<p>Approche globale de l\u2019\u00e9nergie et de la sant\u00e9&nbsp;: Techniques compl\u00e9mentaires\u00a0(corps-coeur-t\u00eate): fleurs de Bach, gemmoth\u00e9rapie, huiles essentielles, alimentation, massages, connexion nature, collaboration avec partenaires sp\u00e9cialis\u00e9s (sophrologie, m\u00e9decine chinoise) Tarif : 60 eur pour une heure de consultation en fleurs de Bach, nutrition ou gestion du stress<\/p>","protected":false},"author":1,"featured_media":0,"parent":0,"menu_order":0,"comment_status":"closed","ping_status":"closed","template":"","meta":{"footnotes":""},"class_list":["post-684","page","type-page","status-publish","hentry"],"_links":{"self":[{"href":"https:\/\/www.zenitude.lu\/en\/wp-json\/wp\/v2\/pages\/684","targetHints":{"allow":["GET"]}}],"collection":[{"href":"https:\/\/www.zenitude.lu\/en\/wp-json\/wp\/v2\/pages"}],"about":[{"href":"https:\/\/www.zenitude.lu\/en\/wp-json\/wp\/v2\/types\/page"}],"author":[{"embeddable":true,"href":"https:\/\/www.zenitude.lu\/en\/wp-json\/wp\/v2\/users\/1"}],"replies":[{"embeddable":true,"href":"https:\/\/www.zenitude.lu\/en\/wp-json\/wp\/v2\/comments?post=684"}],"version-history":[{"count":7,"href":"https:\/\/www.zenitude.lu\/en\/wp-json\/wp\/v2\/pages\/684\/revisions"}],"predecessor-version":[{"id":795,"href":"https:\/\/www.zenitude.lu\/en\/wp-json\/wp\/v2\/pages\/684\/revisions\/795"}],"wp:attachment":[{"href":"https:\/\/www.zenitude.lu\/en\/wp-json\/wp\/v2\/media?parent=684"}],"curies":[{"name":"wp","href":"https:\/\/api.w.org\/{rel}","templated":true}]}}