    {"id":148,"date":"2022-05-27T15:14:14","date_gmt":"2022-05-27T14:14:14","guid":{"rendered":"https:\/\/www.zenitude.lu\/?page_id=148"},"modified":"2022-10-07T11:57:36","modified_gmt":"2022-10-07T09:57:36","slug":"mentions-legales","status":"publish","type":"page","link":"https:\/\/www.zenitude.lu\/en\/mentions-legales\/","title":{"rendered":"Mentions l\u00e9gales"},"content":{"rendered":"<div class=\"wp-block-cover alignfull is-light has-custom-content-position is-position-bottom-center\" style=\"min-height:300px;aspect-ratio:unset;\"><span aria-hidden=\"true\" class=\"wp-block-cover__background has-background-dim-20 has-background-dim\"><\/span><img loading=\"lazy\" decoding=\"async\" width=\"1920\" height=\"1280\" class=\"wp-block-cover__image-background wp-image-351\" alt=\"\" src=\"https:\/\/www.zenitude.lu\/wp-content\/uploads\/2022\/06\/path-gd18342d01_1920.jpg\" style=\"object-position:52% 85%\" data-object-fit=\"cover\" data-object-position=\"52% 85%\" srcset=\"https:\/\/www.zenitude.lu\/wp-content\/uploads\/2022\/06\/path-gd18342d01_1920.jpg 1920w, https:\/\/www.zenitude.lu\/wp-content\/uploads\/2022\/06\/path-gd18342d01_1920-300x200.jpg 300w, https:\/\/www.zenitude.lu\/wp-content\/uploads\/2022\/06\/path-gd18342d01_1920-1024x683.jpg 1024w, https:\/\/www.zenitude.lu\/wp-content\/uploads\/2022\/06\/path-gd18342d01_1920-768x512.jpg 768w, https:\/\/www.zenitude.lu\/wp-content\/uploads\/2022\/06\/path-gd18342d01_1920-1536x1024.jpg 1536w, https:\/\/www.zenitude.lu\/wp-content\/uploads\/2022\/06\/path-gd18342d01_1920-18x12.jpg 18w\" sizes=\"auto, (max-width: 1920px) 100vw, 1920px\" \/><div class=\"wp-block-cover__inner-container is-layout-flow wp-block-cover-is-layout-flow\">\n<div class=\"wp-block-group has-background is-layout-flow wp-block-group-is-layout-flow\" style=\"background-color:#8787877d;padding-top:20px;padding-right:20px;padding-bottom:20px;padding-left:20px\">\n<h4 class=\"has-background-color has-text-color has-large-font-size wp-block-heading\" style=\"text-transform:uppercase\"><strong>Mentions l\u00e9gales<\/strong><\/h4>\n<\/div>\n<\/div><\/div>\n\n\n\n<p><strong>Responsable du site :<\/strong><\/p>\n\n\n\n<p>Laurence Terryn<br>L &#8211; 8249 Mamer<br>(Grand-Duch\u00e9 de Luxembourg)<\/p>\n\n\n\n<p><a href=\"\/en\/ma&\/#105;&#108;&#116;&#111;&#x3a;&#x63;&#x6f;&#x6e;&#x74;ac&#116;&#64;&#105;&#110;&#x73;&#x74;&#x61;&#x6e;&#x74;s-&#112;&#114;&#101;&#115;&#x65;&#x6e;&#x74;&#x73;&#x2e;lu\">info@zenitude.lu<\/a><\/p>\n\n\n\n<p>GSM: +352 691 270 177<\/p>\n\n\n\n<p>Autorisation d\u2019\u00e9tablissement: N 10077020 du 6 mars 2017<\/p>\n\n\n\n<p><strong>H\u00e9bergement du site<\/strong><\/p>\n\n\n\n<p>OVH<br>SAS au capital de 10 000 000 \u20ac RCS Roubaix \u2013 Tourcoing 424 761 419 00045<br>Code APE 6202A &#8211; N\u00b0 TVA : FR 22 424 761 419<br>Si\u00e8ge social : 2 rue Kellermann 59100 Roubaix &#8211; France<\/p>\n\n\n\n<p><strong>Webdesigner<\/strong><\/p>\n\n\n\n<p>Ce site a \u00e9t\u00e9 cr\u00e9\u00e9 par Instants Pr\u00e9sents &#8211; Cr\u00e9ation Web (Mireille Dondlinger) <a href=\"https:\/\/www.web-crea.lu\" target=\"_blank\" rel=\"noreferrer noopener\">www.web-crea.lu<\/a><\/p>\n\n\n\n<p><strong>Donn\u00e9es \u00e0 caract\u00e8re personnel<\/strong><\/p>\n\n\n\n<p>Nous nous soumettons au R\u00e8glement G\u00e9n\u00e9ral sur la protection des Donn\u00e9es afin de prot\u00e9ger et de respecter les donn\u00e9es de nos utilisateurs.<br><br>Ce site ne collecte pas les donn\u00e9es de ses utilisateurs.<br>Lorsque vous me contactez par email ou t\u00e9l\u00e9phone, je n&rsquo;utilise vos donn\u00e9es que pour prendre contact avec vous et traiter votre demande.<br>Vous avez un droit d&rsquo;acc\u00e8s, de rectification et de suppression de ces donn\u00e9es. Pour cela contactez-moi par email \u00e0 <a href=\"\/en\/&\/#109;&#x61;&#105;&#x6c;t&#x6f;:&#99;&#x6f;&#110;&#x74;a&#x63;t&#64;&#x77;&#101;&#x62;-&#x63;r&#101;&#x61;&#46;&#x6c;u\"><\/a><a href=\"\/en\/&\/#x6d;&#x61;&#105;&#108;t&#x6f;&#x3a;&#x63;&#111;&#110;t&#x61;&#x63;&#x74;&#64;&#105;n&#x73;&#x74;&#x61;&#110;&#116;s&#x2d;&#x70;&#x72;&#101;se&#x6e;&#x74;&#x73;&#46;lu\">info@zenitude.lu<\/a><br><br>Ce site n&rsquo;utilise que des cookies temporaires pour garder votre choix de la langue pendant votre session sur le site.<\/p>\n\n\n\n<p><strong>Cr\u00e9dits photos:<\/strong><\/p>\n\n\n\n<p>pixabay.com<\/p>\n\n\n\n<p><\/p>","protected":false},"excerpt":{"rendered":"<p>Responsable du site : Laurence TerrynL &#8211; 8249 Mamer(Grand-Duch\u00e9 de Luxembourg) &#x69;n&#x66;&#111;&#x40;&#122;e&#x6e;&#105;&#x74;&#117;d&#x65;&#46;&#x6c;&#117; GSM: +352 691 270 177 Autorisation d\u2019\u00e9tablissement: N 10077020 du 6 mars 2017 H\u00e9bergement du site OVHSAS au capital de 10 000 000 \u20ac RCS Roubaix \u2013 Tourcoing 424 761 419 00045Code APE 6202A &#8211; N\u00b0 TVA : FR 22 424 761 419Si\u00e8ge [&hellip;]<\/p>\n","protected":false},"author":1,"featured_media":0,"parent":0,"menu_order":0,"comment_status":"closed","ping_status":"closed","template":"","meta":{"footnotes":""},"class_list":["post-148","page","type-page","status-publish","hentry"],"_links":{"self":[{"href":"https:\/\/www.zenitude.lu\/en\/wp-json\/wp\/v2\/pages\/148","targetHints":{"allow":["GET"]}}],"collection":[{"href":"https:\/\/www.zenitude.lu\/en\/wp-json\/wp\/v2\/pages"}],"about":[{"href":"https:\/\/www.zenitude.lu\/en\/wp-json\/wp\/v2\/types\/page"}],"author":[{"embeddable":true,"href":"https:\/\/www.zenitude.lu\/en\/wp-json\/wp\/v2\/users\/1"}],"replies":[{"embeddable":true,"href":"https:\/\/www.zenitude.lu\/en\/wp-json\/wp\/v2\/comments?post=148"}],"version-history":[{"count":11,"href":"https:\/\/www.zenitude.lu\/en\/wp-json\/wp\/v2\/pages\/148\/revisions"}],"predecessor-version":[{"id":738,"href":"https:\/\/www.zenitude.lu\/en\/wp-json\/wp\/v2\/pages\/148\/revisions\/738"}],"wp:attachment":[{"href":"https:\/\/www.zenitude.lu\/en\/wp-json\/wp\/v2\/media?parent=148"}],"curies":[{"name":"wp","href":"https:\/\/api.w.org\/{rel}","templated":true}]}}