    {"id":125,"date":"2022-05-24T15:56:02","date_gmt":"2022-05-24T14:56:02","guid":{"rendered":"https:\/\/www.zenitude.lu\/?page_id=125"},"modified":"2026-01-05T20:55:52","modified_gmt":"2026-01-05T19:55:52","slug":"mon-parcours","status":"publish","type":"page","link":"https:\/\/www.zenitude.lu\/en\/mon-parcours\/","title":{"rendered":"My background"},"content":{"rendered":"<div class=\"wp-block-cover alignfull has-custom-content-position is-position-bottom-center\" style=\"min-height:300px;aspect-ratio:unset;\"><span aria-hidden=\"true\" class=\"wp-block-cover__background has-background-dim-0 has-background-dim\"><\/span><img loading=\"lazy\" decoding=\"async\" width=\"1000\" height=\"1000\" class=\"wp-block-cover__image-background wp-image-233\" alt=\"\" src=\"https:\/\/www.zenitude.lu\/wp-content\/uploads\/2022\/06\/chemin-carre.jpg\" style=\"object-position:65% 59%\" data-object-fit=\"cover\" data-object-position=\"65% 59%\" srcset=\"https:\/\/www.zenitude.lu\/wp-content\/uploads\/2022\/06\/chemin-carre.jpg 1000w, https:\/\/www.zenitude.lu\/wp-content\/uploads\/2022\/06\/chemin-carre-300x300.jpg 300w, https:\/\/www.zenitude.lu\/wp-content\/uploads\/2022\/06\/chemin-carre-150x150.jpg 150w, https:\/\/www.zenitude.lu\/wp-content\/uploads\/2022\/06\/chemin-carre-768x768.jpg 768w, https:\/\/www.zenitude.lu\/wp-content\/uploads\/2022\/06\/chemin-carre-12x12.jpg 12w\" sizes=\"auto, (max-width: 1000px) 100vw, 1000px\" \/><div class=\"wp-block-cover__inner-container is-layout-flow wp-block-cover-is-layout-flow\">\n<div class=\"wp-block-group has-background is-layout-flow wp-block-group-is-layout-flow\" style=\"border-radius:10px;background-color:#87878785;padding-top:20px;padding-right:20px;padding-bottom:20px;padding-left:20px\">\n<h4 class=\"wp-block-heading has-background-color has-text-color has-large-font-size\" style=\"text-transform:uppercase\"><strong>My background<\/strong><\/h4>\n<\/div>\n<\/div><\/div>\n\n\n\n<div class=\"wp-block-group alignwide is-layout-flow wp-block-group-is-layout-flow\">\n<p><strong>Ing\u00e9nieur en maths et coach humain -&gt; comment puis-je vous aider avec ces 2 facettes ? <\/strong><\/p>\n\n\n\n<p>Touching everything? Curious to learn? Enthusiastic? Optimistic? Smiling? \u2026 it would be a way to introduce myself\u2026 with the result: a personal mix of private employee, independent in wellness care, mother with 4 hands (like many others\u2026), perpetual student, idealist and creative at the remaining hours\u2026.<\/p>\n\n\n\n<p class=\"translation-block\">More classically, following a well-filled professional career, I found a personal balance\nby developing in parallel a <strong> status of independent wellness care<\/strong>, after these beautiful\nenriching trainings:<\/p>\n\n\n\n<figure class=\"wp-block-image alignright size-full\"><img loading=\"lazy\" decoding=\"async\" width=\"180\" height=\"240\" src=\"https:\/\/www.zenitude.lu\/wp-content\/uploads\/2024\/09\/PHOTO-2024-09-08-11-29-07-small.jpg\" alt=\"\" class=\"wp-image-888\" srcset=\"https:\/\/www.zenitude.lu\/wp-content\/uploads\/2024\/09\/PHOTO-2024-09-08-11-29-07-small.jpg 180w, https:\/\/www.zenitude.lu\/wp-content\/uploads\/2024\/09\/PHOTO-2024-09-08-11-29-07-small-9x12.jpg 9w\" sizes=\"auto, (max-width: 180px) 100vw, 180px\" \/><\/figure>\n\n\n\n<ul class=\"wp-block-list has-custom-colour-8-color has-text-color\">\n<li><strong>Conseiller en nutrition<\/strong> (<a href=\"https:\/\/www.altha.lu\/conseiller-en-hygi%C3%A8ne-alimentaire\" target=\"_blank\" rel=\"noreferrer noopener\">Altha-Dippach<\/a>) including nutrition, Chinese medicine, aromatherapy, gemmotherapy, phytotherapy, anatomy and physiology of the human body<\/li>\n\n\n\n<li><strong><strong>Conseiller <\/strong>en \u00e9motionnel <\/strong>(<a href=\"https:\/\/www.altha.lu\/conseiller-en-%C3%A9motionnel\" target=\"_blank\" rel=\"noreferrer noopener\">Altha-Dippach<\/a>) including Bach flowers, morphopsychology, kinesiology and final personal work on stress testing<\/li>\n\n\n\n<li><strong>Certified Bach Flower Advisor<\/strong> (<a href=\"https:\/\/www.bachcentre.com\/hrf_faq\/quest-ce-que-la-fondation-bach\/\">Bach Foundation<\/a>)<\/li>\n\n\n\n<li><strong>Certified oil massage practitioner <\/strong>(<a href=\"http:\/\/www.artdumassage.be\" target=\"_blank\" rel=\"noreferrer noopener\">H\u00e9l\u00e8ne Borl\u00e9e-Namur<\/a>)<\/li>\n\n\n\n<li><strong>Certified Access Bars facilitator<\/strong><\/li>\n\n\n\n<li>Consultant on floral thema (<a href=\"http:\/\/www.naturevie.com\/uniteensoi.html\" target=\"_blank\" rel=\"noreferrer noopener\">Unit\u00e9 en soi<\/a>\u00a0)<\/li>\n\n\n\n<li>Enneagram - cycle 1<a href=\"https:\/\/cee-enneagramme.eu\/\" target=\"_blank\" rel=\"noreferrer noopener\">CEE<\/a>)<\/li>\n\n\n\n<li>Energy Care (Jos\u00e9 Digiacomantonio)<\/li>\n\n\n\n<li>Living Food Seminars (<a href=\"https:\/\/www.efelia.be\/\" target=\"_blank\" rel=\"noreferrer noopener\">Efelia<\/a>)<\/li>\n\n\n\n<li>Sophrology - initiation (Chambre Salari\u00e9s-Luxembourg)<\/li>\n<\/ul>\n\n\n\n<p>\u2026with a few last words to end describing me:<\/p>\n\n\n\n<ul class=\"wp-block-list has-custom-colour-8-color has-text-color\">\n<li><strong>Languages:<\/strong>\u00a0I communicate fluently in French and English \u2013 I can also understand you in Luxembourgish, German and Dutch<\/li>\n\n\n\n<li><strong>Stress:<\/strong>\u00a0: je suis pass\u00e9e par des p\u00e9riodes de stress important avec des blocages de dos (hernie, sciatique) et j\u2019ai pu trouver des rem\u00e8des utiles en phytoth\u00e9rapie, aromath\u00e9rapie, sophrologie et \u00e9nerg\u00e9tique\u2026 que je partage volontiers\u00a0!<\/li>\n\n\n\n<li><strong>Interests:<\/strong>\u00a0yoga, walking in the forest, painting and drawing, numerology and mathematics<\/li>\n\n\n\n<li><strong>Values:\u00a0<\/strong>caring, listening, solidarity, sharing, smiling, optimism, confidence<\/li>\n\n\n\n<li><strong>Motto:<\/strong>\u00a0: \u00ab\u00a0Devenez le changement que vous voulez voir dans le monde\u00a0\u00bb (Gandhi)<\/li>\n<\/ul>\n<\/div>\n\n\n\n<div style=\"height:48px\" aria-hidden=\"true\" class=\"wp-block-spacer\"><\/div>","protected":false},"excerpt":{"rendered":"<p>Ing\u00e9nieur en maths et coach humain -&gt; comment puis-je vous aider avec ces 2 facettes ? Touche \u00e0 tout&nbsp;? Curieuse d\u2019apprendre&nbsp;? Enthousiaste&nbsp;? Optimiste&nbsp;? Souriante&nbsp;? \u2026 ce serait une mani\u00e8re de me pr\u00e9senter \u2026 avec comme r\u00e9sultat&nbsp;: un m\u00e9lange personnel de salari\u00e9e dans le priv\u00e9, ind\u00e9pendante en soins bien-\u00eatre, m\u00e8re \u00e0 4 mains (comme tant d\u2019autres\u2026), [&hellip;]<\/p>\n","protected":false},"author":1,"featured_media":0,"parent":0,"menu_order":0,"comment_status":"closed","ping_status":"closed","template":"","meta":{"footnotes":""},"class_list":["post-125","page","type-page","status-publish","hentry"],"_links":{"self":[{"href":"https:\/\/www.zenitude.lu\/en\/wp-json\/wp\/v2\/pages\/125","targetHints":{"allow":["GET"]}}],"collection":[{"href":"https:\/\/www.zenitude.lu\/en\/wp-json\/wp\/v2\/pages"}],"about":[{"href":"https:\/\/www.zenitude.lu\/en\/wp-json\/wp\/v2\/types\/page"}],"author":[{"embeddable":true,"href":"https:\/\/www.zenitude.lu\/en\/wp-json\/wp\/v2\/users\/1"}],"replies":[{"embeddable":true,"href":"https:\/\/www.zenitude.lu\/en\/wp-json\/wp\/v2\/comments?post=125"}],"version-history":[{"count":15,"href":"https:\/\/www.zenitude.lu\/en\/wp-json\/wp\/v2\/pages\/125\/revisions"}],"predecessor-version":[{"id":949,"href":"https:\/\/www.zenitude.lu\/en\/wp-json\/wp\/v2\/pages\/125\/revisions\/949"}],"wp:attachment":[{"href":"https:\/\/www.zenitude.lu\/en\/wp-json\/wp\/v2\/media?parent=125"}],"curies":[{"name":"wp","href":"https:\/\/api.w.org\/{rel}","templated":true}]}}