    {"id":11,"date":"2022-05-18T14:28:53","date_gmt":"2022-05-18T13:28:53","guid":{"rendered":"https:\/\/www.zenitude.lu\/?page_id=11"},"modified":"2025-04-17T11:50:37","modified_gmt":"2025-04-17T09:50:37","slug":"accueil","status":"publish","type":"page","link":"https:\/\/www.zenitude.lu\/en\/","title":{"rendered":"Welcome"},"content":{"rendered":"<div class=\"wp-block-cover alignfull has-custom-content-position is-position-bottom-center\" style=\"min-height:350px;aspect-ratio:unset;\"><span aria-hidden=\"true\" class=\"wp-block-cover__background has-background-dim-0 has-background-dim\"><\/span><img loading=\"lazy\" decoding=\"async\" width=\"1920\" height=\"1280\" class=\"wp-block-cover__image-background wp-image-351\" alt=\"\" src=\"https:\/\/www.zenitude.lu\/wp-content\/uploads\/2022\/06\/path-gd18342d01_1920.jpg\" style=\"object-position:63% 78%\" data-object-fit=\"cover\" data-object-position=\"63% 78%\" srcset=\"https:\/\/www.zenitude.lu\/wp-content\/uploads\/2022\/06\/path-gd18342d01_1920.jpg 1920w, https:\/\/www.zenitude.lu\/wp-content\/uploads\/2022\/06\/path-gd18342d01_1920-300x200.jpg 300w, https:\/\/www.zenitude.lu\/wp-content\/uploads\/2022\/06\/path-gd18342d01_1920-1024x683.jpg 1024w, https:\/\/www.zenitude.lu\/wp-content\/uploads\/2022\/06\/path-gd18342d01_1920-768x512.jpg 768w, https:\/\/www.zenitude.lu\/wp-content\/uploads\/2022\/06\/path-gd18342d01_1920-1536x1024.jpg 1536w, https:\/\/www.zenitude.lu\/wp-content\/uploads\/2022\/06\/path-gd18342d01_1920-18x12.jpg 18w\" sizes=\"auto, (max-width: 1920px) 100vw, 1920px\" \/><div class=\"wp-block-cover__inner-container is-layout-flow wp-block-cover-is-layout-flow\">\n<div class=\"wp-block-group animated slideInDown slow has-background-color has-text-color has-background is-layout-flow wp-block-group-is-layout-flow\" style=\"border-radius:10px;background-color:#87878775\">\n<h4 class=\"wp-block-heading has-background-color has-text-color has-large-font-size\" style=\"text-transform:uppercase\"><strong>small steps towards well-being<\/strong><\/h4>\n<\/div>\n<\/div><\/div>\n\n\n\n<div class=\"wp-block-group alignwide has-secondary-color has-custom-colour-4-background-color has-text-color has-background is-layout-flow wp-block-group-is-layout-flow\" style=\"border-radius:10px;padding-top:20px;padding-right:20px;padding-bottom:20px;padding-left:20px\">\n<p class=\"has-text-align-center translation-block\">You dream of <strong>zen, joy, smile and light,\n<\/strong><br>to light up your daily life beyond stress and worries ?<\/p>\n\n\n\n<p class=\"has-text-align-center has-custom-colour-8-color has-text-color translation-block\">Are you looking for an opinion, a treatment or a product in the world of <strong>natural care<\/strong> ?<\/p>\n\n\n\n<p class=\"has-text-align-center translation-block\">You are curious and you want to know better and to use the nature\u2019s assets for your <strong>well-being<\/strong> ?<\/p>\n<\/div>\n\n\n\n<figure class=\"wp-block-image aligncenter size-full is-resized\"><img loading=\"lazy\" decoding=\"async\" width=\"581\" height=\"935\" src=\"https:\/\/www.zenitude.lu\/wp-content\/uploads\/2025\/04\/Laurence-atelier-HE-small.jpg\" alt=\"\" class=\"wp-image-905\" style=\"width:347px;height:auto\" srcset=\"https:\/\/www.zenitude.lu\/wp-content\/uploads\/2025\/04\/Laurence-atelier-HE-small.jpg 581w, https:\/\/www.zenitude.lu\/wp-content\/uploads\/2025\/04\/Laurence-atelier-HE-small-186x300.jpg 186w, https:\/\/www.zenitude.lu\/wp-content\/uploads\/2025\/04\/Laurence-atelier-HE-small-7x12.jpg 7w\" sizes=\"auto, (max-width: 581px) 100vw, 581px\" \/><\/figure>\n\n\n\n<div class=\"wp-block-group alignwide is-layout-flow wp-block-group-is-layout-flow\">\n<p class=\"has-text-align-center\">Following my training and <a href=\"https:\/\/www.zenitude.lu\/en\/mon-parcours\/\" data-type=\"page\" data-id=\"125\"><strong>life experiences<\/strong><\/a> , I chose to share my discoveries and I offer you my help through various services :<\/p>\n\n\n\n<div class=\"wp-block-group is-layout-flow wp-block-group-is-layout-flow\" style=\"border-radius:20px;margin-top:0px;margin-bottom:0px;padding-top:20px;padding-right:20px;padding-bottom:20px;padding-left:20px\">\n<ul class=\"wp-block-list has-custom-colour-8-color has-text-color\">\n<li><strong><mark style=\"background-color:rgba(0, 0, 0, 0)\" class=\"has-inline-color has-custom-colour-7-color\">Workshop &amp; training<\/mark>&nbsp;<\/strong>(massages, aromatherapy, gemmotherapy, Bach flowers, stress management, healthy eating)<\/li>\n\n\n\n<li><strong><mark style=\"background-color:rgba(0, 0, 0, 0)\" class=\"has-inline-color has-custom-colour-7-color\">Massage<\/mark><\/strong>&nbsp;(body or back, head, belly)<\/li>\n\n\n\n<li><strong><mark style=\"background-color:rgba(0, 0, 0, 0)\" class=\"has-inline-color has-custom-colour-7-color\">Food support<\/mark><\/strong>&nbsp;(nutrition basics, special follow-ups, natural supplements, emotions &amp; nutrition)<\/li>\n\n\n\n<li><mark style=\"background-color:rgba(0, 0, 0, 0)\" class=\"has-inline-color has-custom-colour-7-color\"><strong>Emotional support<\/strong>&nbsp;<\/mark>(stress management, Bach flowers, enneagram)<\/li>\n\n\n\n<li>Access to<strong><mark style=\"background-color:rgba(0, 0, 0, 0)\" class=\"has-inline-color has-custom-colour-7-color\"><a href=\"https:\/\/www.zenitude.lu\/en\/produits-de-soins\/\" data-type=\"page\" data-id=\"102\">&nbsp;healthy supplements<\/a><\/mark><\/strong>&nbsp;(aloe vera, vitamins, skin care, essential oils, bud\nextracts)<\/li>\n<\/ul>\n<\/div>\n\n\n\n<p class=\"has-text-align-center\">Discover my range of&nbsp;<a href=\"https:\/\/www.zenitude.lu\/en\/accompagnement\/\"><strong>services<\/strong><\/a>&nbsp;and&nbsp;<a href=\"https:\/\/www.zenitude.lu\/en\/produits-de-soins\/\"><strong>products<\/strong><\/a>&nbsp;to help you!<\/p>\n\n\n\n<p class=\"has-text-align-center\"><strong><a href=\"https:\/\/www.zenitude.lu\/en\/contact\/\">Contact me<\/a> for more information!<\/strong> <\/p>\n\n\n\n<p class=\"has-text-align-center\">Laurence Terryn<\/p>\n\n\n\n<p><\/p>\n<\/div>\n\n\n\n<div class=\"wp-block-columns is-layout-flex wp-container-core-columns-is-layout-1 wp-block-columns-is-layout-flex\" style=\"margin-top:40px\">\n<div class=\"wp-block-column has-background-color has-custom-colour-4-background-color has-text-color has-background is-layout-flow wp-block-column-is-layout-flow\">\n<figure class=\"wp-block-image size-full\"><a href=\"https:\/\/www.zenitude.lu\/en\/mon-approche\/\"><img loading=\"lazy\" decoding=\"async\" width=\"1000\" height=\"1000\" src=\"https:\/\/www.zenitude.lu\/wp-content\/uploads\/2022\/06\/colibri-carre.jpg\" alt=\"\" class=\"wp-image-232\" srcset=\"https:\/\/www.zenitude.lu\/wp-content\/uploads\/2022\/06\/colibri-carre.jpg 1000w, https:\/\/www.zenitude.lu\/wp-content\/uploads\/2022\/06\/colibri-carre-300x300.jpg 300w, https:\/\/www.zenitude.lu\/wp-content\/uploads\/2022\/06\/colibri-carre-150x150.jpg 150w, https:\/\/www.zenitude.lu\/wp-content\/uploads\/2022\/06\/colibri-carre-768x768.jpg 768w, https:\/\/www.zenitude.lu\/wp-content\/uploads\/2022\/06\/colibri-carre-12x12.jpg 12w\" sizes=\"auto, (max-width: 1000px) 100vw, 1000px\" \/><\/a><\/figure>\n\n\n\n<h3 class=\"wp-block-heading has-text-align-center blanc has-vivid-red-color has-text-color has-large-font-size\" style=\"margin-bottom:20px\"><a href=\"https:\/\/www.zenitude.lu\/en\/mon-approche\/\">My approach<\/a><\/h3>\n<\/div>\n\n\n\n<div class=\"wp-block-column has-background-color has-custom-colour-4-background-color has-text-color has-background is-layout-flow wp-block-column-is-layout-flow\">\n<figure class=\"wp-block-image size-full\"><a href=\"https:\/\/www.zenitude.lu\/en\/mon-parcours\/\"><img loading=\"lazy\" decoding=\"async\" width=\"1000\" height=\"1000\" src=\"https:\/\/www.zenitude.lu\/wp-content\/uploads\/2022\/06\/chemin-carre.jpg\" alt=\"\" class=\"wp-image-233\" srcset=\"https:\/\/www.zenitude.lu\/wp-content\/uploads\/2022\/06\/chemin-carre.jpg 1000w, https:\/\/www.zenitude.lu\/wp-content\/uploads\/2022\/06\/chemin-carre-300x300.jpg 300w, https:\/\/www.zenitude.lu\/wp-content\/uploads\/2022\/06\/chemin-carre-150x150.jpg 150w, https:\/\/www.zenitude.lu\/wp-content\/uploads\/2022\/06\/chemin-carre-768x768.jpg 768w, https:\/\/www.zenitude.lu\/wp-content\/uploads\/2022\/06\/chemin-carre-12x12.jpg 12w\" sizes=\"auto, (max-width: 1000px) 100vw, 1000px\" \/><\/a><\/figure>\n\n\n\n<h3 class=\"wp-block-heading has-text-align-center blanc has-background-color has-text-color has-large-font-size\" style=\"margin-bottom:20px\"><a href=\"https:\/\/www.zenitude.lu\/en\/mon-parcours\/\">My background<\/a><\/h3>\n<\/div>\n<\/div>\n\n\n\n<div style=\"height:53px\" aria-hidden=\"true\" class=\"wp-block-spacer\"><\/div>","protected":false},"excerpt":{"rendered":"<p>Vous r\u00eavez de&nbsp;zen, de joie, de sourire et de lumi\u00e8re,pour \u00e9clairer votre quotidien au-del\u00e0 du stress et des soucis&nbsp;? Vous cherchez&nbsp;un avis, un soin ou un produit dans l\u2019univers des&nbsp;soins naturels&nbsp;? Vous \u00eates curieux et aimeriez mieux&nbsp;conna\u00eetre et utiliserles atouts de la nature pour votre bien-\u00eatre&nbsp;? Suite \u00e0 mon parcours de formations et d\u2019exp\u00e9riences de [&hellip;]<\/p>\n","protected":false},"author":1,"featured_media":0,"parent":0,"menu_order":0,"comment_status":"closed","ping_status":"closed","template":"","meta":{"footnotes":""},"class_list":["post-11","page","type-page","status-publish","hentry"],"_links":{"self":[{"href":"https:\/\/www.zenitude.lu\/en\/wp-json\/wp\/v2\/pages\/11","targetHints":{"allow":["GET"]}}],"collection":[{"href":"https:\/\/www.zenitude.lu\/en\/wp-json\/wp\/v2\/pages"}],"about":[{"href":"https:\/\/www.zenitude.lu\/en\/wp-json\/wp\/v2\/types\/page"}],"author":[{"embeddable":true,"href":"https:\/\/www.zenitude.lu\/en\/wp-json\/wp\/v2\/users\/1"}],"replies":[{"embeddable":true,"href":"https:\/\/www.zenitude.lu\/en\/wp-json\/wp\/v2\/comments?post=11"}],"version-history":[{"count":172,"href":"https:\/\/www.zenitude.lu\/en\/wp-json\/wp\/v2\/pages\/11\/revisions"}],"predecessor-version":[{"id":906,"href":"https:\/\/www.zenitude.lu\/en\/wp-json\/wp\/v2\/pages\/11\/revisions\/906"}],"wp:attachment":[{"href":"https:\/\/www.zenitude.lu\/en\/wp-json\/wp\/v2\/media?parent=11"}],"curies":[{"name":"wp","href":"https:\/\/api.w.org\/{rel}","templated":true}]}}