    {"id":102,"date":"2022-05-24T15:32:47","date_gmt":"2022-05-24T14:32:47","guid":{"rendered":"https:\/\/www.zenitude.lu\/?page_id=102"},"modified":"2026-01-05T20:58:39","modified_gmt":"2026-01-05T19:58:39","slug":"produits-de-soins","status":"publish","type":"page","link":"https:\/\/www.zenitude.lu\/en\/produits-de-soins\/","title":{"rendered":"Products"},"content":{"rendered":"<div class=\"wp-block-cover alignfull is-light has-custom-content-position is-position-bottom-center\" style=\"min-height:300px;aspect-ratio:unset;\"><span aria-hidden=\"true\" class=\"wp-block-cover__background has-background-dim-0 has-background-dim\"><\/span><img loading=\"lazy\" decoding=\"async\" width=\"1920\" height=\"1280\" class=\"wp-block-cover__image-background wp-image-351\" alt=\"\" src=\"https:\/\/www.zenitude.lu\/wp-content\/uploads\/2022\/06\/path-gd18342d01_1920.jpg\" style=\"object-position:49% 16%\" data-object-fit=\"cover\" data-object-position=\"49% 16%\" srcset=\"https:\/\/www.zenitude.lu\/wp-content\/uploads\/2022\/06\/path-gd18342d01_1920.jpg 1920w, https:\/\/www.zenitude.lu\/wp-content\/uploads\/2022\/06\/path-gd18342d01_1920-300x200.jpg 300w, https:\/\/www.zenitude.lu\/wp-content\/uploads\/2022\/06\/path-gd18342d01_1920-1024x683.jpg 1024w, https:\/\/www.zenitude.lu\/wp-content\/uploads\/2022\/06\/path-gd18342d01_1920-768x512.jpg 768w, https:\/\/www.zenitude.lu\/wp-content\/uploads\/2022\/06\/path-gd18342d01_1920-1536x1024.jpg 1536w, https:\/\/www.zenitude.lu\/wp-content\/uploads\/2022\/06\/path-gd18342d01_1920-18x12.jpg 18w\" sizes=\"auto, (max-width: 1920px) 100vw, 1920px\" \/><div class=\"wp-block-cover__inner-container is-layout-flow wp-block-cover-is-layout-flow\">\n<div class=\"wp-block-group has-background is-layout-flow wp-block-group-is-layout-flow\" style=\"border-radius:10px;background-color:#87878780;padding-top:20px;padding-right:20px;padding-bottom:20px;padding-left:20px\">\n<h4 class=\"wp-block-heading has-background-color has-text-color has-large-font-size\" style=\"text-transform:uppercase\"><strong>Products<\/strong><\/h4>\n<\/div>\n<\/div><\/div>\n\n\n\n<div class=\"wp-block-group alignwide is-layout-flow wp-block-group-is-layout-flow\">\n<p class=\"has-text-align-left\"><strong>No time to look for products? Too many ideas and not easy to choose? Which basic\nproducts are the priority? What quality for you and your body?<\/strong><\/p>\n\n\n\n<p>I have selected products and I help you to choose and quickly find what can help you.<\/p>\n\n\n\n<p><strong>Care products from the Forever range<\/strong><\/p>\n\n\n\n<div class=\"wp-block-group is-layout-constrained wp-container-core-group-is-layout-2 wp-block-group-is-layout-constrained\">\n<div class=\"wp-block-columns is-layout-flex wp-container-core-columns-is-layout-1 wp-block-columns-is-layout-flex\">\n<div class=\"wp-block-column is-layout-flow wp-block-column-is-layout-flow\">\n<figure class=\"wp-block-image aligncenter size-full\"><img loading=\"lazy\" decoding=\"async\" width=\"187\" height=\"135\" src=\"https:\/\/www.zenitude.lu\/wp-content\/uploads\/2022\/05\/produits-1.jpg\" alt=\"\" class=\"wp-image-104\" srcset=\"https:\/\/www.zenitude.lu\/wp-content\/uploads\/2022\/05\/produits-1.jpg 187w, https:\/\/www.zenitude.lu\/wp-content\/uploads\/2022\/05\/produits-1-18x12.jpg 18w\" sizes=\"auto, (max-width: 187px) 100vw, 187px\" \/><figcaption class=\"wp-element-caption\">Nutrient-rich aloe vera drinks<\/figcaption><\/figure>\n<\/div>\n\n\n\n<div class=\"wp-block-column is-layout-flow wp-block-column-is-layout-flow\">\n<figure class=\"wp-block-image aligncenter size-full\"><img loading=\"lazy\" decoding=\"async\" width=\"228\" height=\"96\" src=\"https:\/\/www.zenitude.lu\/wp-content\/uploads\/2022\/05\/produits-02.jpg\" alt=\"\" class=\"wp-image-105\" srcset=\"https:\/\/www.zenitude.lu\/wp-content\/uploads\/2022\/05\/produits-02.jpg 228w, https:\/\/www.zenitude.lu\/wp-content\/uploads\/2022\/05\/produits-02-18x8.jpg 18w\" sizes=\"auto, (max-width: 228px) 100vw, 228px\" \/><figcaption class=\"wp-element-caption\">Aloe vera creams for skin care<\/figcaption><\/figure>\n<\/div>\n<\/div>\n\n\n\n<div class=\"wp-block-columns is-layout-flex wp-container-core-columns-is-layout-2 wp-block-columns-is-layout-flex\">\n<div class=\"wp-block-column is-layout-flow wp-block-column-is-layout-flow\">\n<figure class=\"wp-block-image aligncenter size-full\"><img loading=\"lazy\" decoding=\"async\" width=\"143\" height=\"173\" src=\"https:\/\/www.zenitude.lu\/wp-content\/uploads\/2022\/05\/produits-03.jpg\" alt=\"\" class=\"wp-image-106\" srcset=\"https:\/\/www.zenitude.lu\/wp-content\/uploads\/2022\/05\/produits-03.jpg 143w, https:\/\/www.zenitude.lu\/wp-content\/uploads\/2022\/05\/produits-03-10x12.jpg 10w\" sizes=\"auto, (max-width: 143px) 100vw, 143px\" \/><figcaption class=\"wp-element-caption\">Natural cosmetics for<br>the whole body&nbsp;<\/figcaption><\/figure>\n<\/div>\n\n\n\n<div class=\"wp-block-column is-layout-flow wp-block-column-is-layout-flow\">\n<figure class=\"wp-block-image aligncenter size-full\"><img loading=\"lazy\" decoding=\"async\" width=\"165\" height=\"67\" src=\"https:\/\/www.zenitude.lu\/wp-content\/uploads\/2022\/05\/produits-04.jpg\" alt=\"\" class=\"wp-image-107\" srcset=\"https:\/\/www.zenitude.lu\/wp-content\/uploads\/2022\/05\/produits-04.jpg 165w, https:\/\/www.zenitude.lu\/wp-content\/uploads\/2022\/05\/produits-04-18x7.jpg 18w\" sizes=\"auto, (max-width: 165px) 100vw, 165px\" \/><figcaption class=\"wp-element-caption\">Dietary supplements<br>&nbsp;(vitamins, minerals...)<\/figcaption><\/figure>\n<\/div>\n<\/div>\n<\/div>\n\n\n\n<div class=\"wp-block-buttons is-content-justification-center is-layout-flex wp-container-core-buttons-is-layout-1 wp-block-buttons-is-layout-flex\">\n<div class=\"wp-block-button\"><a class=\"wp-block-button__link has-luminous-vivid-amber-background-color has-background wp-element-button\" href=\"https:\/\/thealoeveraco.shop\/tomqJWvN\" style=\"border-radius:13px\" target=\"_blank\" rel=\"noreferrer noopener\"><strong>for details and orders<\/strong><\/a><\/div>\n<\/div>\n\n\n\n<p><strong>Complementary care<\/strong><\/p>\n\n\n\n<p><strong>Choice of quality products:<\/strong>: gemmoth\u00e9rapie (<strong><a href=\"https:\/\/www.alphagem.eu\" target=\"_blank\" rel=\"noreferrer noopener\">Alphagem<\/a>-Luxembourg<\/strong>), Bach flowers (Auraflor), apparels (Bemer\u2026)<br>-&gt; at your disposal for all your needs<\/p>\n<\/div>\n\n\n\n<div class=\"wp-block-columns alignwide is-layout-flex wp-container-core-columns-is-layout-3 wp-block-columns-is-layout-flex\">\n<div class=\"wp-block-column is-layout-flow wp-block-column-is-layout-flow\">\n<figure class=\"wp-block-image aligncenter size-full\"><img loading=\"lazy\" decoding=\"async\" width=\"116\" height=\"132\" src=\"https:\/\/www.zenitude.lu\/wp-content\/uploads\/2022\/05\/bourgeons.jpg\" alt=\"\" class=\"wp-image-112\" srcset=\"https:\/\/www.zenitude.lu\/wp-content\/uploads\/2022\/05\/bourgeons.jpg 116w, https:\/\/www.zenitude.lu\/wp-content\/uploads\/2022\/05\/bourgeons-11x12.jpg 11w\" sizes=\"auto, (max-width: 116px) 100vw, 116px\" \/><\/figure>\n<\/div>\n\n\n\n<div class=\"wp-block-column is-layout-flow wp-block-column-is-layout-flow\">\n<figure class=\"wp-block-image aligncenter size-full\"><img loading=\"lazy\" decoding=\"async\" width=\"228\" height=\"153\" src=\"https:\/\/www.zenitude.lu\/wp-content\/uploads\/2022\/05\/bach.jpg\" alt=\"\" class=\"wp-image-87\" srcset=\"https:\/\/www.zenitude.lu\/wp-content\/uploads\/2022\/05\/bach.jpg 228w, https:\/\/www.zenitude.lu\/wp-content\/uploads\/2022\/05\/bach-18x12.jpg 18w\" sizes=\"auto, (max-width: 228px) 100vw, 228px\" \/><\/figure>\n<\/div>\n\n\n\n<div class=\"wp-block-column is-layout-flow wp-block-column-is-layout-flow\">\n<figure class=\"wp-block-image aligncenter size-full\"><img loading=\"lazy\" decoding=\"async\" width=\"165\" height=\"71\" src=\"https:\/\/www.zenitude.lu\/wp-content\/uploads\/2022\/05\/appareils.jpg\" alt=\"\" class=\"wp-image-111\" srcset=\"https:\/\/www.zenitude.lu\/wp-content\/uploads\/2022\/05\/appareils.jpg 165w, https:\/\/www.zenitude.lu\/wp-content\/uploads\/2022\/05\/appareils-18x8.jpg 18w\" sizes=\"auto, (max-width: 165px) 100vw, 165px\" \/><\/figure>\n<\/div>\n<\/div>\n\n\n\n<p><\/p>","protected":false},"excerpt":{"rendered":"<p>Pas le temps de chercher des produits&nbsp;? Trop d\u2019id\u00e9es et pas facile de choisir&nbsp;? Quels produits de base en priorit\u00e9&nbsp;? Quelle qualit\u00e9 pour soi et son corps&nbsp;? J\u2019ai fait une s\u00e9lection de produits et je vous aide \u00e0 choisir et trouver rapidement ce qui peut vous aider. Produits de soins de la gamme forever Soins [&hellip;]<\/p>\n","protected":false},"author":1,"featured_media":0,"parent":0,"menu_order":0,"comment_status":"closed","ping_status":"closed","template":"","meta":{"footnotes":""},"class_list":["post-102","page","type-page","status-publish","hentry"],"_links":{"self":[{"href":"https:\/\/www.zenitude.lu\/en\/wp-json\/wp\/v2\/pages\/102","targetHints":{"allow":["GET"]}}],"collection":[{"href":"https:\/\/www.zenitude.lu\/en\/wp-json\/wp\/v2\/pages"}],"about":[{"href":"https:\/\/www.zenitude.lu\/en\/wp-json\/wp\/v2\/types\/page"}],"author":[{"embeddable":true,"href":"https:\/\/www.zenitude.lu\/en\/wp-json\/wp\/v2\/users\/1"}],"replies":[{"embeddable":true,"href":"https:\/\/www.zenitude.lu\/en\/wp-json\/wp\/v2\/comments?post=102"}],"version-history":[{"count":29,"href":"https:\/\/www.zenitude.lu\/en\/wp-json\/wp\/v2\/pages\/102\/revisions"}],"predecessor-version":[{"id":950,"href":"https:\/\/www.zenitude.lu\/en\/wp-json\/wp\/v2\/pages\/102\/revisions\/950"}],"wp:attachment":[{"href":"https:\/\/www.zenitude.lu\/en\/wp-json\/wp\/v2\/media?parent=102"}],"curies":[{"name":"wp","href":"https:\/\/api.w.org\/{rel}","templated":true}]}}